{"id":600,"date":"2021-09-12T20:18:19","date_gmt":"2021-09-12T20:18:19","guid":{"rendered":"https:\/\/abodefinancial.com\/proprietaire\/"},"modified":"2024-09-09T17:13:46","modified_gmt":"2024-09-09T17:13:46","slug":"proprietaire","status":"publish","type":"page","link":"https:\/\/abodefinancial.com\/fr\/proprietaire\/","title":{"rendered":"Propri\u00e9taire"},"content":{"rendered":"","protected":false},"excerpt":{"rendered":"","protected":false},"author":1,"featured_media":0,"parent":0,"menu_order":0,"comment_status":"closed","ping_status":"closed","template":"","meta":{"_acf_changed":true,"footnotes":""},"class_list":["post-600","page","type-page","status-publish","hentry"],"acf":[],"yoast_head":"<!-- This site is optimized with the Yoast SEO plugin v27.4 - https:\/\/yoast.com\/product\/yoast-seo-wordpress\/ -->\n<title>Financement flexible des travaux d\u2019am\u00e9lioration de l\u2019habitat pour les propri\u00e9taires avis\u00e9s | Abode Financial<\/title>\n<meta name=\"description\" content=\"Abode Financial offre un financement flexible pour l\u2019am\u00e9lioration domiciliaire afin que vous puissiez effectuer les r\u00e9parations essentielles, am\u00e9liorer l\u2019efficacit\u00e9 \u00e9nerg\u00e9tique de votre logement, augmenter la valeur de votre maison et rendre celle-ci plus confortable.\" \/>\n<meta name=\"robots\" content=\"index, follow, max-snippet:-1, max-image-preview:large, max-video-preview:-1\" \/>\n<link rel=\"canonical\" href=\"https:\/\/abodefinancial.com\/fr\/proprietaire\/\" \/>\n<meta property=\"og:locale\" content=\"fr_FR\" \/>\n<meta property=\"og:type\" content=\"article\" \/>\n<meta property=\"og:title\" content=\"Financement flexible des travaux d\u2019am\u00e9lioration de l\u2019habitat pour les propri\u00e9taires avis\u00e9s | Abode Financial\" \/>\n<meta property=\"og:description\" content=\"Abode Financial offre un financement flexible pour l\u2019am\u00e9lioration domiciliaire afin que vous puissiez effectuer les r\u00e9parations essentielles, am\u00e9liorer l\u2019efficacit\u00e9 \u00e9nerg\u00e9tique de votre logement, augmenter la valeur de votre maison et rendre celle-ci plus confortable.\" \/>\n<meta property=\"og:url\" content=\"https:\/\/abodefinancial.com\/fr\/proprietaire\/\" \/>\n<meta property=\"og:site_name\" content=\"Abode Financial\" \/>\n<meta property=\"article:modified_time\" content=\"2024-09-09T17:13:46+00:00\" \/>\n<meta name=\"twitter:card\" content=\"summary_large_image\" \/>\n<meta name=\"twitter:site\" content=\"@AbodeFinancial\" \/>\n<meta name=\"twitter:label1\" content=\"Dur\u00e9e de lecture estim\u00e9e\" \/>\n\t<meta name=\"twitter:data1\" content=\"2 minutes\" \/>\n<script type=\"application\/ld+json\" class=\"yoast-schema-graph\">{\"@context\":\"https:\\\/\\\/schema.org\",\"@graph\":[{\"@type\":\"WebPage\",\"@id\":\"https:\\\/\\\/abodefinancial.com\\\/fr\\\/proprietaire\\\/\",\"url\":\"https:\\\/\\\/abodefinancial.com\\\/fr\\\/proprietaire\\\/\",\"name\":\"Financement flexible des travaux d\u2019am\u00e9lioration de l\u2019habitat pour les propri\u00e9taires avis\u00e9s | Abode Financial\",\"isPartOf\":{\"@id\":\"https:\\\/\\\/abodefinancial.com\\\/fr\\\/#website\"},\"datePublished\":\"2021-09-12T20:18:19+00:00\",\"dateModified\":\"2024-09-09T17:13:46+00:00\",\"description\":\"Abode Financial offre un financement flexible pour l\u2019am\u00e9lioration domiciliaire afin que vous puissiez effectuer les r\u00e9parations essentielles, am\u00e9liorer l\u2019efficacit\u00e9 \u00e9nerg\u00e9tique de votre logement, augmenter la valeur de votre maison et rendre celle-ci plus confortable.\",\"breadcrumb\":{\"@id\":\"https:\\\/\\\/abodefinancial.com\\\/fr\\\/proprietaire\\\/#breadcrumb\"},\"inLanguage\":\"fr-FR\",\"potentialAction\":[{\"@type\":\"ReadAction\",\"target\":[\"https:\\\/\\\/abodefinancial.com\\\/fr\\\/proprietaire\\\/\"]}]},{\"@type\":\"BreadcrumbList\",\"@id\":\"https:\\\/\\\/abodefinancial.com\\\/fr\\\/proprietaire\\\/#breadcrumb\",\"itemListElement\":[{\"@type\":\"ListItem\",\"position\":1,\"name\":\"Home\",\"item\":\"https:\\\/\\\/abodefinancial.com\\\/fr\\\/\"},{\"@type\":\"ListItem\",\"position\":2,\"name\":\"Propri\u00e9taire\"}]},{\"@type\":\"WebSite\",\"@id\":\"https:\\\/\\\/abodefinancial.com\\\/fr\\\/#website\",\"url\":\"https:\\\/\\\/abodefinancial.com\\\/fr\\\/\",\"name\":\"Abode Financial\",\"description\":\"\",\"publisher\":{\"@id\":\"https:\\\/\\\/abodefinancial.com\\\/fr\\\/#organization\"},\"potentialAction\":[{\"@type\":\"SearchAction\",\"target\":{\"@type\":\"EntryPoint\",\"urlTemplate\":\"https:\\\/\\\/abodefinancial.com\\\/fr\\\/?s={search_term_string}\"},\"query-input\":{\"@type\":\"PropertyValueSpecification\",\"valueRequired\":true,\"valueName\":\"search_term_string\"}}],\"inLanguage\":\"fr-FR\"},{\"@type\":\"Organization\",\"@id\":\"https:\\\/\\\/abodefinancial.com\\\/fr\\\/#organization\",\"name\":\"Abode Financial\",\"url\":\"https:\\\/\\\/abodefinancial.com\\\/fr\\\/\",\"logo\":{\"@type\":\"ImageObject\",\"inLanguage\":\"fr-FR\",\"@id\":\"https:\\\/\\\/abodefinancial.com\\\/fr\\\/#\\\/schema\\\/logo\\\/image\\\/\",\"url\":\"https:\\\/\\\/abodefinancial.com\\\/wp-content\\\/uploads\\\/2024\\\/03\\\/abode-logo.svg\",\"contentUrl\":\"https:\\\/\\\/abodefinancial.com\\\/wp-content\\\/uploads\\\/2024\\\/03\\\/abode-logo.svg\",\"width\":\"1024\",\"height\":\"1024\",\"caption\":\"Abode Financial\"},\"image\":{\"@id\":\"https:\\\/\\\/abodefinancial.com\\\/fr\\\/#\\\/schema\\\/logo\\\/image\\\/\"},\"sameAs\":[\"https:\\\/\\\/x.com\\\/AbodeFinancial\",\"https:\\\/\\\/www.linkedin.com\\\/company\\\/abode-financial\\\/\"]}]}<\/script>\n<!-- \/ Yoast SEO plugin. -->","yoast_head_json":{"title":"Financement flexible des travaux d\u2019am\u00e9lioration de l\u2019habitat pour les propri\u00e9taires avis\u00e9s | Abode Financial","description":"Abode Financial offre un financement flexible pour l\u2019am\u00e9lioration domiciliaire afin que vous puissiez effectuer les r\u00e9parations essentielles, am\u00e9liorer l\u2019efficacit\u00e9 \u00e9nerg\u00e9tique de votre logement, augmenter la valeur de votre maison et rendre celle-ci plus confortable.","robots":{"index":"index","follow":"follow","max-snippet":"max-snippet:-1","max-image-preview":"max-image-preview:large","max-video-preview":"max-video-preview:-1"},"canonical":"https:\/\/abodefinancial.com\/fr\/proprietaire\/","og_locale":"fr_FR","og_type":"article","og_title":"Financement flexible des travaux d\u2019am\u00e9lioration de l\u2019habitat pour les propri\u00e9taires avis\u00e9s | Abode Financial","og_description":"Abode Financial offre un financement flexible pour l\u2019am\u00e9lioration domiciliaire afin que vous puissiez effectuer les r\u00e9parations essentielles, am\u00e9liorer l\u2019efficacit\u00e9 \u00e9nerg\u00e9tique de votre logement, augmenter la valeur de votre maison et rendre celle-ci plus confortable.","og_url":"https:\/\/abodefinancial.com\/fr\/proprietaire\/","og_site_name":"Abode Financial","article_modified_time":"2024-09-09T17:13:46+00:00","twitter_card":"summary_large_image","twitter_site":"@AbodeFinancial","twitter_misc":{"Dur\u00e9e de lecture estim\u00e9e":"2 minutes"},"schema":{"@context":"https:\/\/schema.org","@graph":[{"@type":"WebPage","@id":"https:\/\/abodefinancial.com\/fr\/proprietaire\/","url":"https:\/\/abodefinancial.com\/fr\/proprietaire\/","name":"Financement flexible des travaux d\u2019am\u00e9lioration de l\u2019habitat pour les propri\u00e9taires avis\u00e9s | Abode Financial","isPartOf":{"@id":"https:\/\/abodefinancial.com\/fr\/#website"},"datePublished":"2021-09-12T20:18:19+00:00","dateModified":"2024-09-09T17:13:46+00:00","description":"Abode Financial offre un financement flexible pour l\u2019am\u00e9lioration domiciliaire afin que vous puissiez effectuer les r\u00e9parations essentielles, am\u00e9liorer l\u2019efficacit\u00e9 \u00e9nerg\u00e9tique de votre logement, augmenter la valeur de votre maison et rendre celle-ci plus confortable.","breadcrumb":{"@id":"https:\/\/abodefinancial.com\/fr\/proprietaire\/#breadcrumb"},"inLanguage":"fr-FR","potentialAction":[{"@type":"ReadAction","target":["https:\/\/abodefinancial.com\/fr\/proprietaire\/"]}]},{"@type":"BreadcrumbList","@id":"https:\/\/abodefinancial.com\/fr\/proprietaire\/#breadcrumb","itemListElement":[{"@type":"ListItem","position":1,"name":"Home","item":"https:\/\/abodefinancial.com\/fr\/"},{"@type":"ListItem","position":2,"name":"Propri\u00e9taire"}]},{"@type":"WebSite","@id":"https:\/\/abodefinancial.com\/fr\/#website","url":"https:\/\/abodefinancial.com\/fr\/","name":"Abode Financial","description":"","publisher":{"@id":"https:\/\/abodefinancial.com\/fr\/#organization"},"potentialAction":[{"@type":"SearchAction","target":{"@type":"EntryPoint","urlTemplate":"https:\/\/abodefinancial.com\/fr\/?s={search_term_string}"},"query-input":{"@type":"PropertyValueSpecification","valueRequired":true,"valueName":"search_term_string"}}],"inLanguage":"fr-FR"},{"@type":"Organization","@id":"https:\/\/abodefinancial.com\/fr\/#organization","name":"Abode Financial","url":"https:\/\/abodefinancial.com\/fr\/","logo":{"@type":"ImageObject","inLanguage":"fr-FR","@id":"https:\/\/abodefinancial.com\/fr\/#\/schema\/logo\/image\/","url":"https:\/\/abodefinancial.com\/wp-content\/uploads\/2024\/03\/abode-logo.svg","contentUrl":"https:\/\/abodefinancial.com\/wp-content\/uploads\/2024\/03\/abode-logo.svg","width":"1024","height":"1024","caption":"Abode Financial"},"image":{"@id":"https:\/\/abodefinancial.com\/fr\/#\/schema\/logo\/image\/"},"sameAs":["https:\/\/x.com\/AbodeFinancial","https:\/\/www.linkedin.com\/company\/abode-financial\/"]}]}},"_links":{"self":[{"href":"https:\/\/abodefinancial.com\/fr\/wp-json\/wp\/v2\/pages\/600","targetHints":{"allow":["GET"]}}],"collection":[{"href":"https:\/\/abodefinancial.com\/fr\/wp-json\/wp\/v2\/pages"}],"about":[{"href":"https:\/\/abodefinancial.com\/fr\/wp-json\/wp\/v2\/types\/page"}],"author":[{"embeddable":true,"href":"https:\/\/abodefinancial.com\/fr\/wp-json\/wp\/v2\/users\/1"}],"replies":[{"embeddable":true,"href":"https:\/\/abodefinancial.com\/fr\/wp-json\/wp\/v2\/comments?post=600"}],"version-history":[{"count":0,"href":"https:\/\/abodefinancial.com\/fr\/wp-json\/wp\/v2\/pages\/600\/revisions"}],"wp:attachment":[{"href":"https:\/\/abodefinancial.com\/fr\/wp-json\/wp\/v2\/media?parent=600"}],"curies":[{"name":"wp","href":"https:\/\/api.w.org\/{rel}","templated":true}]}}